{"id":2051,"date":"2022-03-04T12:33:25","date_gmt":"2022-03-04T12:33:25","guid":{"rendered":"http:\/\/pnr3.pionki.pl\/?page_id=2051"},"modified":"2024-10-21T16:51:52","modified_gmt":"2024-10-21T16:51:52","slug":"dokumenty","status":"publish","type":"page","link":"https:\/\/pnr3.pionki.pl\/index.php\/dokumenty\/","title":{"rendered":"Dokumenty"},"content":{"rendered":"<p><a href=\"http:\/\/pnr3.pionki.pl\/wp-content\/uploads\/2024\/10\/STATUT-ZE-ZMIANAMI-PRZEDSZKOLE-NR-3-16.09.2022-r..pdf\"><span style=\"font-size: 14pt;\">STATUT ZE ZMIANAMI PRZEDSZKOLE NR 3 16.09.2022 r.<\/span><\/a><\/p>\n<p><span style=\"font-size: 14pt;\"><a href=\"http:\/\/pnr3.pionki.pl\/wp-content\/uploads\/2024\/10\/NOWELIZACJA-STATUTU-OD-01.09.2022-r..pdf\">NOWELIZACJA STATUTU OD 01.09.2022 r.<\/a><\/span><\/p>\n<p><span style=\"font-size: 14pt;\"><a href=\"http:\/\/pnr3.pionki.pl\/wp-content\/uploads\/2024\/10\/NOWELIZACJA-STATUTU-OD-12.09.2024r..pdf\">NOWELIZACJA STATUTU OD 12.09.2024r.<\/a><\/span><\/p>\n<p><span style=\"font-size: 14pt;\"><a href=\"https:\/\/pnr3.pionki.pl\/index.php\/deklaracja-dostepnosci\/\">DEKLARACJA DOST\u0118PNO\u015aCI<\/a><\/span><\/p>\n<p><span style=\"font-size: 14pt;\"><a href=\"http:\/\/pnr3.pionki.pl\/wp-content\/uploads\/2024\/10\/STANDARDY-PNR3.pdf\">STANDARDY OCHRONY MA\u0141OLETNICH<\/a><\/span><\/p>\n<p>&nbsp;<\/p>\n","protected":false},"excerpt":{"rendered":"<p>STATUT ZE ZMIANAMI PRZEDSZKOLE NR 3 16.09.2022 r. NOWELIZACJA STATUTU OD 01.09.2022 r. NOWELIZACJA STATUTU OD 12.09.2024r. DEKLARACJA DOST\u0118PNO\u015aCI STANDARDY OCHRONY MA\u0141OLETNICH &nbsp;<\/p>\n","protected":false},"author":1,"featured_media":0,"parent":0,"menu_order":0,"comment_status":"closed","ping_status":"closed","template":"","meta":{"ngg_post_thumbnail":0},"_links":{"self":[{"href":"https:\/\/pnr3.pionki.pl\/index.php\/wp-json\/wp\/v2\/pages\/2051"}],"collection":[{"href":"https:\/\/pnr3.pionki.pl\/index.php\/wp-json\/wp\/v2\/pages"}],"about":[{"href":"https:\/\/pnr3.pionki.pl\/index.php\/wp-json\/wp\/v2\/types\/page"}],"author":[{"embeddable":true,"href":"https:\/\/pnr3.pionki.pl\/index.php\/wp-json\/wp\/v2\/users\/1"}],"replies":[{"embeddable":true,"href":"https:\/\/pnr3.pionki.pl\/index.php\/wp-json\/wp\/v2\/comments?post=2051"}],"version-history":[{"count":10,"href":"https:\/\/pnr3.pionki.pl\/index.php\/wp-json\/wp\/v2\/pages\/2051\/revisions"}],"predecessor-version":[{"id":6172,"href":"https:\/\/pnr3.pionki.pl\/index.php\/wp-json\/wp\/v2\/pages\/2051\/revisions\/6172"}],"wp:attachment":[{"href":"https:\/\/pnr3.pionki.pl\/index.php\/wp-json\/wp\/v2\/media?parent=2051"}],"curies":[{"name":"wp","href":"https:\/\/api.w.org\/{rel}","templated":true}]}}